{"id":1484,"date":"2024-05-07T14:03:32","date_gmt":"2024-05-07T18:03:32","guid":{"rendered":"https:\/\/recettesquebec.org\/?post_type=product&#038;p=1484"},"modified":"2024-05-07T14:17:44","modified_gmt":"2024-05-07T18:17:44","slug":"30-breakfast-recipes","status":"publish","type":"product","link":"https:\/\/recettesquebec.org\/fr\/produit\/30-breakfast-recipes\/","title":{"rendered":"30 Recettes de petit-d\u00e9jeuner"},"content":{"rendered":"<h3><strong>30 Recettes de petit-d\u00e9jeuner<br \/>\nD\u00e9licieuses s\u00e9rie de livres de recettes ! (vol.5 \/ 45)<\/strong><\/h3>\n<p>D\u00e9couvrez \"30 Recettes de petit-d\u00e9jeuner\" pour commencer vos journ\u00e9es de la meilleure mani\u00e8re possible. Inspir\u00e9es par des traditions culinaires du monde entier, ces recettes varient des cr\u00eapes faciles aux omelettes riches, en passant par des tartelettes et des bouillies r\u00e9confortantes. Id\u00e9ales pour agr\u00e9menter vos brunchs du week-end, elles sauront satisfaire tous les palais et transformer le petit-d\u00e9jeuner en v\u00e9ritable c\u00e9l\u00e9bration, bien plus qu\u2019un simple repas.<\/p>\n<p>La d\u00e9licieuse s\u00e9rie de livres de recettes de Recettes Qu\u00e9bec vous invite \u00e0 un voyage culinaire avec notre collection de recettes tri\u00e9es sur le volet, con\u00e7ues pour apporter une multitude de saveurs \u00e0 votre table.<\/p>\n<p>Recettes Qu\u00e9bec propose une large gamme de livres de cuisine cat\u00e9goris\u00e9s de mani\u00e8re \u00e0 couvrir tous les types de plats afin d'offrir une vari\u00e9t\u00e9 d'alternatives. Du petit-d\u00e9jeuner au d\u00eener, des entr\u00e9es aux desserts, en passant par de nombreuses options telles que la volaille, le poisson, les fruits de mer, l'agneau et bien plus encore.<\/p>\n<p>Nous vous invitons \u00e0 plonger dans notre s\u00e9rie et \u00e0 d\u00e9couvrir les joies de cuisiner et de d\u00e9guster.<\/p>\n<p>Bonne exploration\u00a0!<\/p>\n<p>&nbsp;<\/p>","protected":false},"excerpt":{"rendered":"<p><strong>D\u00e9licieuses s\u00e9rie de livres de recettes ! (vol.5 \/ 45)<\/strong><br \/>\nCommencez votre journ\u00e9e de la meilleure fa\u00e7on possible. Ces recettes, qui vont des petits d\u00e9jeuner faciles aux brunchs d\u00e9cadents du week-end pour votre famille et vos amis\u00a0!<\/p>","protected":false},"featured_media":1487,"comment_status":"open","ping_status":"closed","template":"","meta":{"_crdt_document":""},"product_brand":[],"product_cat":[123],"product_tag":[],"class_list":{"0":"post-1484","1":"product","2":"type-product","3":"status-publish","4":"has-post-thumbnail","6":"product_cat-ebooks","7":"member-discount","8":"discount-restricted","10":"first","11":"instock","12":"sale","13":"taxable","14":"shipping-taxable","15":"purchasable","16":"product-type-variable"},"_links":{"self":[{"href":"https:\/\/recettesquebec.org\/fr\/wp-json\/wp\/v2\/product\/1484","targetHints":{"allow":["GET"]}}],"collection":[{"href":"https:\/\/recettesquebec.org\/fr\/wp-json\/wp\/v2\/product"}],"about":[{"href":"https:\/\/recettesquebec.org\/fr\/wp-json\/wp\/v2\/types\/product"}],"replies":[{"embeddable":true,"href":"https:\/\/recettesquebec.org\/fr\/wp-json\/wp\/v2\/comments?post=1484"}],"wp:featuredmedia":[{"embeddable":true,"href":"https:\/\/recettesquebec.org\/fr\/wp-json\/wp\/v2\/media\/1487"}],"wp:attachment":[{"href":"https:\/\/recettesquebec.org\/fr\/wp-json\/wp\/v2\/media?parent=1484"}],"wp:term":[{"taxonomy":"product_brand","embeddable":true,"href":"https:\/\/recettesquebec.org\/fr\/wp-json\/wp\/v2\/product_brand?post=1484"},{"taxonomy":"product_cat","embeddable":true,"href":"https:\/\/recettesquebec.org\/fr\/wp-json\/wp\/v2\/product_cat?post=1484"},{"taxonomy":"product_tag","embeddable":true,"href":"https:\/\/recettesquebec.org\/fr\/wp-json\/wp\/v2\/product_tag?post=1484"}],"curies":[{"name":"wp","href":"https:\/\/api.w.org\/{rel}","templated":true}]}}