{"id":1378,"date":"2024-04-29T17:32:05","date_gmt":"2024-04-29T21:32:05","guid":{"rendered":"https:\/\/recettesquebec.org\/fr\/produit\/recettes-quebec-colored-mug\/"},"modified":"2024-05-01T17:19:53","modified_gmt":"2024-05-01T21:19:53","slug":"recettes-quebec-colored-mug","status":"publish","type":"product","link":"https:\/\/recettesquebec.org\/fr\/produit\/recettes-quebec-colored-mug\/","title":{"rendered":"Tasse color\u00e9e Recettes Qu\u00e9bec"},"content":{"rendered":"<p>Ajoutez une touche de couleur \u00e0 votre rituel de caf\u00e9 ou de th\u00e9 du matin ! Ces tasses en c\u00e9ramique ont non seulement un beau design, mais aussi un bord, une poign\u00e9e et un int\u00e9rieur color\u00e9s, de sorte que la tasse ne manquera pas de pimenter votre porte-tasses.<\/p>\n<p>\u2022 C\u00e9ramique<br \/>\n\u2022 Dimensions de la tasse de 11 oz\u00a0: 3,79\u00a0\u2033 (9,6 cm) de hauteur, 3,25\u00a0\u2033 (8,3 cm) de diam\u00e8tre<br \/>\n\u2022 Bord, int\u00e9rieur et poign\u00e9e color\u00e9s<br \/>\n\u2022 Va au lave-vaisselle et au micro-ondes<\/p>\n<p>Ce produit est fabriqu\u00e9 sp\u00e9cialement pour vous d\u00e8s que vous passez commande, c'est pourquoi il nous faut un peu plus de temps pour vous le livrer. Fabriquer des produits \u00e0 la demande plut\u00f4t qu'en vrac contribue \u00e0 r\u00e9duire la surproduction, alors merci de prendre des d\u00e9cisions d'achat r\u00e9fl\u00e9chies\u00a0!<\/p>","protected":false},"excerpt":{"rendered":"<p>Add a splash of color to your morning coffee or tea ritual! These ceramic mugs not only have a beautiful design on them, but also a colorful rim, handle, and inside, so the mug is bound to spice up your mug rack. \u2022 Ceramic \u2022 11 oz mug dimensions: 3.79\u2033 (9.6 cm) in height, 3.25\u2033 [&hellip;]<\/p>","protected":false},"featured_media":1383,"comment_status":"open","ping_status":"closed","template":"","meta":{"_crdt_document":""},"product_brand":[],"product_cat":[74],"product_tag":[],"class_list":{"0":"post-1378","1":"product","2":"type-product","3":"status-publish","4":"has-post-thumbnail","6":"product_cat-promotional-items","8":"first","9":"instock","10":"taxable","11":"shipping-taxable","12":"purchasable","13":"product-type-variable"},"_links":{"self":[{"href":"https:\/\/recettesquebec.org\/fr\/wp-json\/wp\/v2\/product\/1378","targetHints":{"allow":["GET"]}}],"collection":[{"href":"https:\/\/recettesquebec.org\/fr\/wp-json\/wp\/v2\/product"}],"about":[{"href":"https:\/\/recettesquebec.org\/fr\/wp-json\/wp\/v2\/types\/product"}],"replies":[{"embeddable":true,"href":"https:\/\/recettesquebec.org\/fr\/wp-json\/wp\/v2\/comments?post=1378"}],"wp:featuredmedia":[{"embeddable":true,"href":"https:\/\/recettesquebec.org\/fr\/wp-json\/wp\/v2\/media\/1383"}],"wp:attachment":[{"href":"https:\/\/recettesquebec.org\/fr\/wp-json\/wp\/v2\/media?parent=1378"}],"wp:term":[{"taxonomy":"product_brand","embeddable":true,"href":"https:\/\/recettesquebec.org\/fr\/wp-json\/wp\/v2\/product_brand?post=1378"},{"taxonomy":"product_cat","embeddable":true,"href":"https:\/\/recettesquebec.org\/fr\/wp-json\/wp\/v2\/product_cat?post=1378"},{"taxonomy":"product_tag","embeddable":true,"href":"https:\/\/recettesquebec.org\/fr\/wp-json\/wp\/v2\/product_tag?post=1378"}],"curies":[{"name":"wp","href":"https:\/\/api.w.org\/{rel}","templated":true}]}}