{"id":1375,"date":"2024-04-29T17:28:49","date_gmt":"2024-04-29T21:28:49","guid":{"rendered":"https:\/\/recettesquebec.org\/fr\/produit\/recettes-quebec-white-apron\/"},"modified":"2024-04-29T17:48:18","modified_gmt":"2024-04-29T21:48:18","slug":"recettes-quebec-white-apron","status":"publish","type":"product","link":"https:\/\/recettesquebec.org\/fr\/produit\/recettes-quebec-white-apron\/","title":{"rendered":"Tablier Blanc Recettes Qu\u00e9bec"},"content":{"rendered":"<p>Gr\u00e2ce \u00e0 ce tablier brod\u00e9, vous n'aurez plus \u00e0 vous soucier de garder vos v\u00eatements propres lorsque vous cuisinez ! Le tour de cou et les longues cravates, les deux poches avant et la broderie complexe sur le devant sont tous r\u00e9unis pour former un accessoire accrocheur et confortable qui vous donnera envie de passer plus de temps dans la cuisine.<\/p>\n<p>\u2022 70% polyester, 30% cotton<br \/>\n\u2022 Poids du tissu\u00a0: 9 oz\/yd\u00b2 (305 g\/m\u00b2)<br \/>\n\u2022 Taille\u00a0: 20\u2033 \u00d7 30\u2033 (50,8 cm \u00d7 76,2 cm)<br \/>\n\u2022 Tour de cou r\u00e9glable et longs liens<br \/>\n\u2022 Deux poches avant<\/p>","protected":false},"excerpt":{"rendered":"<p>Thanks to this embroidered apron you don&#8217;t have to worry about keeping your clothes clean when cooking! The neck loop and long ties, two front pockets, and intricate embroidery in front all come together in an eye-catching and comfy accessory that&#8217;ll make you long for more time in the kitchen. \u2022 70% polyester, 30% cotton [&hellip;]<\/p>","protected":false},"featured_media":1376,"comment_status":"open","ping_status":"closed","template":"","meta":{"_crdt_document":""},"product_brand":[],"product_cat":[106],"product_tag":[],"class_list":{"0":"post-1375","1":"product","2":"type-product","3":"status-publish","4":"has-post-thumbnail","6":"product_cat-clothing","8":"first","9":"instock","10":"taxable","11":"shipping-taxable","12":"purchasable","13":"product-type-simple"},"_links":{"self":[{"href":"https:\/\/recettesquebec.org\/fr\/wp-json\/wp\/v2\/product\/1375","targetHints":{"allow":["GET"]}}],"collection":[{"href":"https:\/\/recettesquebec.org\/fr\/wp-json\/wp\/v2\/product"}],"about":[{"href":"https:\/\/recettesquebec.org\/fr\/wp-json\/wp\/v2\/types\/product"}],"replies":[{"embeddable":true,"href":"https:\/\/recettesquebec.org\/fr\/wp-json\/wp\/v2\/comments?post=1375"}],"wp:featuredmedia":[{"embeddable":true,"href":"https:\/\/recettesquebec.org\/fr\/wp-json\/wp\/v2\/media\/1376"}],"wp:attachment":[{"href":"https:\/\/recettesquebec.org\/fr\/wp-json\/wp\/v2\/media?parent=1375"}],"wp:term":[{"taxonomy":"product_brand","embeddable":true,"href":"https:\/\/recettesquebec.org\/fr\/wp-json\/wp\/v2\/product_brand?post=1375"},{"taxonomy":"product_cat","embeddable":true,"href":"https:\/\/recettesquebec.org\/fr\/wp-json\/wp\/v2\/product_cat?post=1375"},{"taxonomy":"product_tag","embeddable":true,"href":"https:\/\/recettesquebec.org\/fr\/wp-json\/wp\/v2\/product_tag?post=1375"}],"curies":[{"name":"wp","href":"https:\/\/api.w.org\/{rel}","templated":true}]}}