{"id":1367,"date":"2024-04-29T17:25:44","date_gmt":"2024-04-29T21:25:44","guid":{"rendered":"https:\/\/recettesquebec.org\/fr\/produit\/recettes-quebec-black-denim-hat\/"},"modified":"2024-04-29T18:08:56","modified_gmt":"2024-04-29T22:08:56","slug":"recettes-quebec-black-denim-hat","status":"publish","type":"product","link":"https:\/\/recettesquebec.org\/fr\/produit\/recettes-quebec-black-denim-hat\/","title":{"rendered":"Casquette en denim noir Recettes Qu\u00e9bec"},"content":{"rendered":"<p>Compl\u00e9tez votre garde-robe de tous les jours avec ce chapeau en denim teint en pigments ! Fabriqu\u00e9e \u00e0 100 % en coton, la casquette \u00e0 6 panneaux offre une sensation de l\u00e9g\u00e8ret\u00e9, tandis que la sangle r\u00e9glable assure un ajustement solide et confortable.<\/p>\n<p>\u2022 100% cotton<br \/>\n\u2022 Casquette non structur\u00e9e \u00e0 6 panneaux avec un profil bas<br \/>\n\u2022 Couronne souple<br \/>\n\u2022 6 \u0153illets cousus<br \/>\n\u2022 4 rang\u00e9es de coutures visibles sur la visi\u00e8re<br \/>\n\u2022 Sangle r\u00e9glable<br \/>\n\u2022 Circonf\u00e9rence de la t\u00eate : 21,65\u2033-25,19\u2033 (55 cm-64 cm)<\/p>\n<p>Ce produit est fabriqu\u00e9 sp\u00e9cialement pour vous d\u00e8s que vous passez commande, c'est pourquoi il nous faut un peu plus de temps pour vous le livrer. Fabriquer des produits \u00e0 la demande plut\u00f4t qu'en vrac contribue \u00e0 r\u00e9duire la surproduction, alors merci de prendre des d\u00e9cisions d'achat r\u00e9fl\u00e9chies\u00a0!<\/p>","protected":false},"excerpt":{"rendered":"<p>Complement your everyday wardrobe with this pigment-dyed denim hat! Made out of 100% cotton, the 6-panel cap offers a light feel, while the adjustable strap ensures a solid and comfortable fit. \u2022 100% cotton \u2022 6-panel unstructured cap with a low profile \u2022 Soft crown \u2022 6 sewn eyelets \u2022 4 rows of visible stitching [&hellip;]<\/p>","protected":false},"featured_media":1368,"comment_status":"open","ping_status":"closed","template":"","meta":{"_crdt_document":""},"product_brand":[],"product_cat":[106],"product_tag":[],"class_list":{"0":"post-1367","1":"product","2":"type-product","3":"status-publish","4":"has-post-thumbnail","6":"product_cat-clothing","8":"first","9":"instock","10":"taxable","11":"shipping-taxable","12":"purchasable","13":"product-type-simple"},"_links":{"self":[{"href":"https:\/\/recettesquebec.org\/fr\/wp-json\/wp\/v2\/product\/1367","targetHints":{"allow":["GET"]}}],"collection":[{"href":"https:\/\/recettesquebec.org\/fr\/wp-json\/wp\/v2\/product"}],"about":[{"href":"https:\/\/recettesquebec.org\/fr\/wp-json\/wp\/v2\/types\/product"}],"replies":[{"embeddable":true,"href":"https:\/\/recettesquebec.org\/fr\/wp-json\/wp\/v2\/comments?post=1367"}],"wp:featuredmedia":[{"embeddable":true,"href":"https:\/\/recettesquebec.org\/fr\/wp-json\/wp\/v2\/media\/1368"}],"wp:attachment":[{"href":"https:\/\/recettesquebec.org\/fr\/wp-json\/wp\/v2\/media?parent=1367"}],"wp:term":[{"taxonomy":"product_brand","embeddable":true,"href":"https:\/\/recettesquebec.org\/fr\/wp-json\/wp\/v2\/product_brand?post=1367"},{"taxonomy":"product_cat","embeddable":true,"href":"https:\/\/recettesquebec.org\/fr\/wp-json\/wp\/v2\/product_cat?post=1367"},{"taxonomy":"product_tag","embeddable":true,"href":"https:\/\/recettesquebec.org\/fr\/wp-json\/wp\/v2\/product_tag?post=1367"}],"curies":[{"name":"wp","href":"https:\/\/api.w.org\/{rel}","templated":true}]}}