{"id":1356,"date":"2024-04-29T17:20:19","date_gmt":"2024-04-29T21:20:19","guid":{"rendered":"https:\/\/recettesquebec.org\/fr\/produit\/recettes-quebec-magnet\/"},"modified":"2024-04-29T17:20:35","modified_gmt":"2024-04-29T21:20:35","slug":"recettes-quebec-magnet","status":"publish","type":"product","link":"https:\/\/recettesquebec.org\/fr\/produit\/recettes-quebec-magnet\/","title":{"rendered":"Aimant Recettes Qu\u00e9bec"},"content":{"rendered":"<p>Pr\u00e9sentez vos aventures et votre inspiration, ou gardez simplement votre espace organis\u00e9 avec nos aimants haut de gamme. Ils pr\u00e9sentent une finition mate moderne sur le dessus et un mat\u00e9riau magn\u00e9tique puissant \u00e0 l'arri\u00e8re, de sorte qu'ils tiendront bien et auront fi\u00e8re allure pendant des ann\u00e9es. Ces aimants constituent une solution pratique et \u00e9l\u00e9gante pour contenir des photos, des notes ou d'autres petits objets.<\/p>\n<p>\u2022 Fabriqu\u00e9 \u00e0 partir de vinyle flexible de 0,5 mm<br \/>\n\u2022 Finition mate haut de gamme<br \/>\n\u2022 Support noir magn\u00e9tique<\/p>","protected":false},"excerpt":{"rendered":"<p>Showcase adventures and inspiration, or simply keep your space organized with our premium magnets. They feature a modern matte finish on top and a strong magnetic material on the back, so they\u2019ll hold up well and look great for years to come. These magnets are a practical and stylish solution for holding up photos, notes, [&hellip;]<\/p>","protected":false},"featured_media":1357,"comment_status":"open","ping_status":"closed","template":"","meta":{"_crdt_document":""},"product_brand":[],"product_cat":[74],"product_tag":[],"class_list":{"0":"post-1356","1":"product","2":"type-product","3":"status-publish","4":"has-post-thumbnail","6":"product_cat-promotional-items","8":"first","9":"instock","10":"taxable","11":"shipping-taxable","12":"purchasable","13":"product-type-simple"},"_links":{"self":[{"href":"https:\/\/recettesquebec.org\/fr\/wp-json\/wp\/v2\/product\/1356","targetHints":{"allow":["GET"]}}],"collection":[{"href":"https:\/\/recettesquebec.org\/fr\/wp-json\/wp\/v2\/product"}],"about":[{"href":"https:\/\/recettesquebec.org\/fr\/wp-json\/wp\/v2\/types\/product"}],"replies":[{"embeddable":true,"href":"https:\/\/recettesquebec.org\/fr\/wp-json\/wp\/v2\/comments?post=1356"}],"wp:featuredmedia":[{"embeddable":true,"href":"https:\/\/recettesquebec.org\/fr\/wp-json\/wp\/v2\/media\/1357"}],"wp:attachment":[{"href":"https:\/\/recettesquebec.org\/fr\/wp-json\/wp\/v2\/media?parent=1356"}],"wp:term":[{"taxonomy":"product_brand","embeddable":true,"href":"https:\/\/recettesquebec.org\/fr\/wp-json\/wp\/v2\/product_brand?post=1356"},{"taxonomy":"product_cat","embeddable":true,"href":"https:\/\/recettesquebec.org\/fr\/wp-json\/wp\/v2\/product_cat?post=1356"},{"taxonomy":"product_tag","embeddable":true,"href":"https:\/\/recettesquebec.org\/fr\/wp-json\/wp\/v2\/product_tag?post=1356"}],"curies":[{"name":"wp","href":"https:\/\/api.w.org\/{rel}","templated":true}]}}