{"id":1326,"date":"2024-04-26T16:38:36","date_gmt":"2024-04-26T20:38:36","guid":{"rendered":"https:\/\/recettesquebec.org\/?post_type=product&#038;p=1326"},"modified":"2024-05-07T13:53:12","modified_gmt":"2024-05-07T17:53:12","slug":"30-bread-cookies-recipes","status":"publish","type":"product","link":"https:\/\/recettesquebec.org\/fr\/produit\/30-bread-cookies-recipes\/","title":{"rendered":"30 Recettes de Pain et Biscuits"},"content":{"rendered":"<h3><strong>30 Recettes de Pain et Biscuits<br \/>\nD\u00e9licieuses s\u00e9rie de livres de recettes ! (vol.4 \/ 45)<\/strong><\/h3>\n<p>Bienvenue sur \"30 Recettes de pain et de biscuits\", o\u00f9 le go\u00fbt r\u00e9confortant du pain fra\u00eechement sorti du four et le d\u00e9lice des biscuits se rencontrent. Avec l'aide de ce livre, vous pouvez perfectionner vos capacit\u00e9s en p\u00e2tisserie avec une vari\u00e9t\u00e9 de recettes \u00e9l\u00e9gantes mais simples. Prenez plaisir \u00e0 cr\u00e9er n'importe quoi, des pains copieux aux friandises riches, qui apporteront bonheur et r\u00e9confort \u00e0 chaque bouch\u00e9e.<\/p>\n<p>La d\u00e9licieuse s\u00e9rie de livres de recettes de Recettes Qu\u00e9bec vous invite \u00e0 un voyage culinaire avec notre collection de recettes tri\u00e9es sur le volet, con\u00e7ues pour apporter une multitude de saveurs \u00e0 votre table.<\/p>\n<p>Recettes Qu\u00e9bec propose une large gamme de livres de cuisine cat\u00e9goris\u00e9s de mani\u00e8re \u00e0 couvrir tous les types de plats afin d'offrir une vari\u00e9t\u00e9 d'alternatives. Du petit-d\u00e9jeuner au d\u00eener, des entr\u00e9es aux desserts, en passant par de nombreuses options telles que la volaille, le poisson, les fruits de mer, l'agneau et bien plus encore.<\/p>\n<p>Nous vous invitons \u00e0 plonger dans notre s\u00e9rie et \u00e0 d\u00e9couvrir les joies de cuisiner et de d\u00e9guster.<\/p>\n<p>Bonne exploration\u00a0!<\/p>","protected":false},"excerpt":{"rendered":"<p><strong>D\u00e9licieuses s\u00e9rie de livres de recettes ! (vol.4 \/ 45)<\/strong><br \/>\nCe livre de recettes captivant de Pain et Biscuits est \u00e0 votre disposition pour vous permettre d'explorer une vari\u00e9t\u00e9 de saveurs afin d'am\u00e9liorer votre exp\u00e9rience culinaire.<\/p>","protected":false},"featured_media":1312,"comment_status":"open","ping_status":"closed","template":"","meta":{"_crdt_document":""},"product_brand":[],"product_cat":[123],"product_tag":[],"class_list":{"0":"post-1326","1":"product","2":"type-product","3":"status-publish","4":"has-post-thumbnail","6":"product_cat-ebooks","7":"member-discount","8":"discount-restricted","10":"first","11":"instock","12":"sale","13":"taxable","14":"shipping-taxable","15":"purchasable","16":"product-type-variable"},"_links":{"self":[{"href":"https:\/\/recettesquebec.org\/fr\/wp-json\/wp\/v2\/product\/1326","targetHints":{"allow":["GET"]}}],"collection":[{"href":"https:\/\/recettesquebec.org\/fr\/wp-json\/wp\/v2\/product"}],"about":[{"href":"https:\/\/recettesquebec.org\/fr\/wp-json\/wp\/v2\/types\/product"}],"replies":[{"embeddable":true,"href":"https:\/\/recettesquebec.org\/fr\/wp-json\/wp\/v2\/comments?post=1326"}],"wp:featuredmedia":[{"embeddable":true,"href":"https:\/\/recettesquebec.org\/fr\/wp-json\/wp\/v2\/media\/1312"}],"wp:attachment":[{"href":"https:\/\/recettesquebec.org\/fr\/wp-json\/wp\/v2\/media?parent=1326"}],"wp:term":[{"taxonomy":"product_brand","embeddable":true,"href":"https:\/\/recettesquebec.org\/fr\/wp-json\/wp\/v2\/product_brand?post=1326"},{"taxonomy":"product_cat","embeddable":true,"href":"https:\/\/recettesquebec.org\/fr\/wp-json\/wp\/v2\/product_cat?post=1326"},{"taxonomy":"product_tag","embeddable":true,"href":"https:\/\/recettesquebec.org\/fr\/wp-json\/wp\/v2\/product_tag?post=1326"}],"curies":[{"name":"wp","href":"https:\/\/api.w.org\/{rel}","templated":true}]}}