{"id":1276,"date":"2024-04-25T14:01:42","date_gmt":"2024-04-25T18:01:42","guid":{"rendered":"https:\/\/recettesquebec.org\/?post_type=product&#038;p=1276"},"modified":"2024-05-07T13:52:57","modified_gmt":"2024-05-07T17:52:57","slug":"30-beans-recipes","status":"publish","type":"product","link":"https:\/\/recettesquebec.org\/fr\/produit\/30-beans-recipes\/","title":{"rendered":"30 Recettes de Haricots"},"content":{"rendered":"<h3><strong>30 Recettes de Haricots<br \/>\nD\u00e9licieuses s\u00e9rie de livres de recettes (vol. 3\/45)<\/strong><\/h3>\n<p>Bienvenue dans un voyage savoureux avec \"30 Recettes de haricots\". Ce livre de recettes est d\u00e9di\u00e9 \u00e0 exploiter le potentiel des haricots dans vos repas quotidiens. Il met en avant-plan la diversit\u00e9 nutritionnelle des haricots, pr\u00e9sent\u00e9e sous diverses formes culinaires. Ces plats offrent des options d\u00e9licieuses qui raviront votre palais. Cet ingr\u00e9dient souvent sous-estim\u00e9 regorge de saveurs, que ce soit en soupe, salade, rago\u00fbt ou autres, apportez une touche d'originalit\u00e9 \u00e0 votre table.<\/p>\n<p>La d\u00e9licieuse s\u00e9rie de livres de recettes de Recettes Qu\u00e9bec vous invite \u00e0 un voyage culinaire avec notre collection de recettes tri\u00e9es sur le volet, con\u00e7ues pour apporter une multitude de saveurs \u00e0 votre table.<\/p>\n<p>Recettes Qu\u00e9bec propose une large gamme de livres de cuisine cat\u00e9goris\u00e9s pour couvrir tous les types de plats afin d'offrir une vari\u00e9t\u00e9 d'alternatives. Du petit-d\u00e9jeuner au d\u00eener, des entr\u00e9es aux desserts, avec de nombreuses options comme la volaille, le poisson, les fruits de mer, l'agneau et bien plus encore.<\/p>\n<p>Nous vous invitons \u00e0 plonger dans notre s\u00e9rie et \u00e0 d\u00e9couvrir les joies de la cuisine et de la d\u00e9gustation.<\/p>\n<p>Bonne exploration\u00a0!<\/p>","protected":false},"excerpt":{"rendered":"<p><strong>D\u00e9licieuses s\u00e9rie de livres de recettes (vol. 3\/45)<\/strong><br \/>\nNotre livre de recettes sur les haricots, o\u00f9 l'odeur de la diversit\u00e9 piquera votre int\u00e9r\u00eat pour la cuisine.<\/p>","protected":false},"featured_media":1279,"comment_status":"open","ping_status":"closed","template":"","meta":{"_crdt_document":""},"product_brand":[],"product_cat":[123],"product_tag":[],"class_list":{"0":"post-1276","1":"product","2":"type-product","3":"status-publish","4":"has-post-thumbnail","6":"product_cat-ebooks","7":"member-discount","8":"discount-restricted","10":"first","11":"instock","12":"sale","13":"taxable","14":"shipping-taxable","15":"purchasable","16":"product-type-variable"},"_links":{"self":[{"href":"https:\/\/recettesquebec.org\/fr\/wp-json\/wp\/v2\/product\/1276","targetHints":{"allow":["GET"]}}],"collection":[{"href":"https:\/\/recettesquebec.org\/fr\/wp-json\/wp\/v2\/product"}],"about":[{"href":"https:\/\/recettesquebec.org\/fr\/wp-json\/wp\/v2\/types\/product"}],"replies":[{"embeddable":true,"href":"https:\/\/recettesquebec.org\/fr\/wp-json\/wp\/v2\/comments?post=1276"}],"wp:featuredmedia":[{"embeddable":true,"href":"https:\/\/recettesquebec.org\/fr\/wp-json\/wp\/v2\/media\/1279"}],"wp:attachment":[{"href":"https:\/\/recettesquebec.org\/fr\/wp-json\/wp\/v2\/media?parent=1276"}],"wp:term":[{"taxonomy":"product_brand","embeddable":true,"href":"https:\/\/recettesquebec.org\/fr\/wp-json\/wp\/v2\/product_brand?post=1276"},{"taxonomy":"product_cat","embeddable":true,"href":"https:\/\/recettesquebec.org\/fr\/wp-json\/wp\/v2\/product_cat?post=1276"},{"taxonomy":"product_tag","embeddable":true,"href":"https:\/\/recettesquebec.org\/fr\/wp-json\/wp\/v2\/product_tag?post=1276"}],"curies":[{"name":"wp","href":"https:\/\/api.w.org\/{rel}","templated":true}]}}