{"id":1198,"date":"2024-04-16T16:17:48","date_gmt":"2024-04-16T20:17:48","guid":{"rendered":"https:\/\/recettesquebec.org\/?post_type=product&#038;p=1198"},"modified":"2024-05-07T13:52:42","modified_gmt":"2024-05-07T17:52:42","slug":"30-bbq-recipes","status":"publish","type":"product","link":"https:\/\/recettesquebec.org\/fr\/produit\/30-bbq-recipes\/","title":{"rendered":"30 Recettes de BBQ"},"content":{"rendered":"<h3><strong>30 Recettes de BBQ<br \/>\nD\u00e9licieuses s\u00e9rie de livres de recettes ! (vol.2 \/ 45)<\/strong><\/h3>\n<p>Explorez l'art culinaire des grillades avec \"30 Recettes de BBQ - vol2\", o\u00f9 chaque repas est garanti d'\u00eatre un festin savoureux. Avec l'aide de ce livre, vous pourrez ma\u00eetriser une grande vari\u00e9t\u00e9 de plats de base du barbecue, tels que les diverses grillades de viandes telles les Steaks, le poulet, le veau, l'agneau, et le porc, faisant de votre grill le point central de chaque f\u00eate. Allumez votre feu culinaire et devenez un expert du grill\u00a0!<\/p>\n<p>La d\u00e9licieuse s\u00e9rie de livres de recettes de Recettes Qu\u00e9bec vous invite \u00e0 un voyage culinaire avec notre collection de recettes tri\u00e9es sur le volet, con\u00e7ues pour apporter une multitude de saveurs \u00e0 votre table.<\/p>\n<p>Recettes Qu\u00e9bec propose une large gamme de livres de cuisine cat\u00e9goris\u00e9s de mani\u00e8re \u00e0 couvrir tous les types de plats afin d'offrir une vari\u00e9t\u00e9 d'alternatives. Du petit-d\u00e9jeuner au d\u00eener, des entr\u00e9es aux desserts, en passant par de nombreuses options telles que la volaille, le poisson, les fruits de mer, l'agneau et bien plus encore.<\/p>\n<p>Nous vous invitons \u00e0 plonger dans notre s\u00e9rie et \u00e0 d\u00e9couvrir les joies de cuisiner et de d\u00e9guster.<\/p>\n<p>Bonne exploration\u00a0!<\/p>","protected":false},"excerpt":{"rendered":"<p><strong>D\u00e9licieuses s\u00e9rie de livres de recettes ! (vol.2 \/ 45)<\/strong><br \/>\nEntre steaks, poulet, agneau, crevettes et sauces, vous trouverez la recette que votre go\u00fbt demande et bien plus encore !<\/p>","protected":false},"featured_media":1195,"comment_status":"open","ping_status":"closed","template":"","meta":{"_crdt_document":""},"product_brand":[],"product_cat":[123],"product_tag":[],"class_list":{"0":"post-1198","1":"product","2":"type-product","3":"status-publish","4":"has-post-thumbnail","6":"product_cat-ebooks","7":"member-discount","8":"discount-restricted","10":"first","11":"instock","12":"sale","13":"taxable","14":"shipping-taxable","15":"purchasable","16":"product-type-variable"},"_links":{"self":[{"href":"https:\/\/recettesquebec.org\/fr\/wp-json\/wp\/v2\/product\/1198","targetHints":{"allow":["GET"]}}],"collection":[{"href":"https:\/\/recettesquebec.org\/fr\/wp-json\/wp\/v2\/product"}],"about":[{"href":"https:\/\/recettesquebec.org\/fr\/wp-json\/wp\/v2\/types\/product"}],"replies":[{"embeddable":true,"href":"https:\/\/recettesquebec.org\/fr\/wp-json\/wp\/v2\/comments?post=1198"}],"wp:featuredmedia":[{"embeddable":true,"href":"https:\/\/recettesquebec.org\/fr\/wp-json\/wp\/v2\/media\/1195"}],"wp:attachment":[{"href":"https:\/\/recettesquebec.org\/fr\/wp-json\/wp\/v2\/media?parent=1198"}],"wp:term":[{"taxonomy":"product_brand","embeddable":true,"href":"https:\/\/recettesquebec.org\/fr\/wp-json\/wp\/v2\/product_brand?post=1198"},{"taxonomy":"product_cat","embeddable":true,"href":"https:\/\/recettesquebec.org\/fr\/wp-json\/wp\/v2\/product_cat?post=1198"},{"taxonomy":"product_tag","embeddable":true,"href":"https:\/\/recettesquebec.org\/fr\/wp-json\/wp\/v2\/product_tag?post=1198"}],"curies":[{"name":"wp","href":"https:\/\/api.w.org\/{rel}","templated":true}]}}