{"id":1125,"date":"2024-04-11T01:29:48","date_gmt":"2024-04-11T05:29:48","guid":{"rendered":"https:\/\/recettesquebec.org\/?post_type=product&#038;p=1125"},"modified":"2024-05-07T13:52:16","modified_gmt":"2024-05-07T17:52:16","slug":"30-apple-recipes","status":"publish","type":"product","link":"https:\/\/recettesquebec.org\/fr\/produit\/30-apple-recipes\/","title":{"rendered":"30 Recettes de pommes"},"content":{"rendered":"<h3><strong>30 Recettes de pommes<br \/>\nD\u00e9licieuses s\u00e9rie de livres de recettes ! (vol.1 \/ 45)<\/strong><\/h3>\n<p>D\u00e9couvrez \"30 Recettes aux pommes - vol.1\", un recueil indispensable pour r\u00e9v\u00e9ler le potentiel culinaire des pommes. Offrant une vari\u00e9t\u00e9 de plats, des cr\u00e9ations \u00e9pic\u00e9es aux gourmandises sucr\u00e9es, ce livre c\u00e9l\u00e8bre le fruit ador\u00e9 dans toute sa splendeur. Laissez-vous guider et sublimez la pomme en chefs-d'\u0153uvre culinaires.<\/p>\n<p>La d\u00e9licieuse s\u00e9rie de livres de recettes de Recettes Qu\u00e9bec vous invite \u00e0 un voyage culinaire avec notre collection de recettes tri\u00e9es sur le volet, con\u00e7ues pour apporter une multitude de saveurs \u00e0 votre table.<\/p>\n<p>Recettes Qu\u00e9bec propose une large gamme de livres de cuisine cat\u00e9goris\u00e9s de mani\u00e8re \u00e0 couvrir tous les types de plats afin d'offrir une vari\u00e9t\u00e9 d'alternatives. Du petit-d\u00e9jeuner au d\u00eener, des entr\u00e9es aux desserts, en passant par de nombreuses options telles que la volaille, le poisson, les fruits de mer, l'agneau et bien plus encore.<\/p>\n<p>Nous vous invitons \u00e0 plonger dans notre s\u00e9rie et \u00e0 d\u00e9couvrir les joies de cuisiner et de d\u00e9guster.<\/p>\n<p>Bonne exploration\u00a0!<\/p>","protected":false},"excerpt":{"rendered":"<p><strong>D\u00e9licieuses s\u00e9rie de livres de recettes ! (vol.1 \/ 45)<\/strong><br \/>\nDu petit-d\u00e9jeuner au d\u00eener, de l'entr\u00e9e au dessert, en passant par de nombreuses options telles que la volaille, le poisson, les fruits de mer, l'agneau et bien plus encore !<\/p>","protected":false},"featured_media":1135,"comment_status":"open","ping_status":"closed","template":"","meta":{"_crdt_document":""},"product_brand":[],"product_cat":[123],"product_tag":[],"class_list":{"0":"post-1125","1":"product","2":"type-product","3":"status-publish","4":"has-post-thumbnail","6":"product_cat-ebooks","7":"member-discount","8":"discount-restricted","10":"first","11":"instock","12":"sale","13":"taxable","14":"shipping-taxable","15":"purchasable","16":"product-type-variable"},"_links":{"self":[{"href":"https:\/\/recettesquebec.org\/fr\/wp-json\/wp\/v2\/product\/1125","targetHints":{"allow":["GET"]}}],"collection":[{"href":"https:\/\/recettesquebec.org\/fr\/wp-json\/wp\/v2\/product"}],"about":[{"href":"https:\/\/recettesquebec.org\/fr\/wp-json\/wp\/v2\/types\/product"}],"replies":[{"embeddable":true,"href":"https:\/\/recettesquebec.org\/fr\/wp-json\/wp\/v2\/comments?post=1125"}],"wp:featuredmedia":[{"embeddable":true,"href":"https:\/\/recettesquebec.org\/fr\/wp-json\/wp\/v2\/media\/1135"}],"wp:attachment":[{"href":"https:\/\/recettesquebec.org\/fr\/wp-json\/wp\/v2\/media?parent=1125"}],"wp:term":[{"taxonomy":"product_brand","embeddable":true,"href":"https:\/\/recettesquebec.org\/fr\/wp-json\/wp\/v2\/product_brand?post=1125"},{"taxonomy":"product_cat","embeddable":true,"href":"https:\/\/recettesquebec.org\/fr\/wp-json\/wp\/v2\/product_cat?post=1125"},{"taxonomy":"product_tag","embeddable":true,"href":"https:\/\/recettesquebec.org\/fr\/wp-json\/wp\/v2\/product_tag?post=1125"}],"curies":[{"name":"wp","href":"https:\/\/api.w.org\/{rel}","templated":true}]}}