{"id":1078,"date":"2024-03-29T16:58:44","date_gmt":"2024-03-29T20:58:44","guid":{"rendered":"https:\/\/recettesquebec.org\/?post_type=product&#038;p=1078"},"modified":"2024-03-29T17:24:16","modified_gmt":"2024-03-29T21:24:16","slug":"wooden-spoons-for-cooking","status":"publish","type":"product","link":"https:\/\/recettesquebec.org\/fr\/produit\/wooden-spoons-for-cooking\/","title":{"rendered":"Wooden Spoons for Cooking"},"content":{"rendered":"<h3><strong>Wooden Spoons for Cooking, 10 Pcs Teak Wood Cooking Utensil Set &#8211; Wooden Kitchen Utensils for Nonstick Pans &amp; Cookware &#8211; Study, Lightweight &amp; Heat Resistant<\/strong><\/h3>\n<p>Material Teak Wood<br \/>\nBrand WOODENHOUSE LIFELONG QUALITY<br \/>\nStyle Modern<br \/>\nProduct Dimensions 35.3L x 10.5W Centimetres<br \/>\nItem weight 1.89 Pounds<br \/>\nIs dishwasher safe No<\/p>\n<p>&nbsp;<\/p>\n<h1 class=\"a-size-base-plus a-text-bold\">\u00c0 propos de cet article<\/h1>\n<p><span class=\"a-list-item\">* CE QUI EST INCLU? Le seul ensemble comprenant 10 USTENSILES DE CUISINE qui r\u00e9pondent \u00e0 tous vos besoins en cuisine. Cela comprend une spatule \u00e0 friture plate, une spatule pour wok, une spatule \u00e0 fentes, une cuill\u00e8re \u00e0 p\u00e2tes \u00e0 spaghetti, une cuill\u00e8re de service, une cuill\u00e8re \u00e0 m\u00e9langer, une cuill\u00e8re \u00e0 soupe, une cuill\u00e8re \u00e0 \u00e9cumoire, une cuill\u00e8re \u00e0 assaisonnement\/huile et une fourchette \u00e0 salade.<\/span><\/p>\n<p><span class=\"a-list-item\">* BOIS DE TECK 100 % NATUREL : Les ustensiles de cuisine Woodenhouse dureront toute une vie, ils sont fabriqu\u00e9s \u00e0 partir d'une seule pi\u00e8ce de bois de teck 100 % naturel. Ces outils sont beaux, solides, robustes, lisses, bien con\u00e7us et ont une superbe finition. Cet ensemble ne se fissurera pas, ne fondra pas et ne sentira pas. Les ustensiles peuvent varier en teinte en raison de leur mat\u00e9riau naturel.<\/span><\/p>\n<p><span class=\"a-list-item\">* FACILE \u00c0 NETTOYER ET \u00c9COLOGIQUE : Nos ensembles d'ustensiles en bois sont antiadh\u00e9sifs, faciles \u00e0 nettoyer avec de l'eau ti\u00e8de ou savonneuse. Cet ensemble d'ustensiles en bois est \u00e9galement enti\u00e8rement biod\u00e9gradable et se d\u00e9compose plus rapidement que ceux en plastique. Certainement un excellent cadeau d\u2019ustensiles de cuisine en bois.<\/span><\/p>\n<p><span class=\"a-list-item\">* MEILLEURS USTENSILES POUR VOS PO\u00caLES ANTIADH\u00c9SIVES : Contrairement aux cuill\u00e8res en m\u00e9tal, nos cuill\u00e8res en bois pour la cuisine et nos spatules de cuisine ne rayent pas les casseroles et po\u00eales que vous utilisez en raison de leur texture lisse. Meilleurs ustensiles de cuisine et spatules en bois pour ustensiles de cuisine antiadh\u00e9sifs.<\/span><\/p>\n<p><span class=\"a-list-item\">* SAFE &amp; HEALTHY TO USE: This wooden kitchen utensil set has smooth surface that&#8217;s comfortable to hold and stir. Our wood utensils set with are also non-reactive and will not transfer any chemical and metallic taste to your food.<\/span><\/p>\n<p>&nbsp;<\/p>\n<p>Obtenez le produit <a href=\"https:\/\/amzn.to\/3PH7PdG\" target=\"_blank\" rel=\"noopener\"><span style=\"color: #ff0000;\"><em><strong>Amazon.ca<\/strong><\/em><\/span><\/a><\/p>","protected":false},"excerpt":{"rendered":"<p>Material Teak Wood<br \/>\nBrand WOODENHOUSE LIFELONG QUALITY<br \/>\nStyle Modern<br \/>\nProduct Dimensions 35.3L x 10.5W Centimetres<br \/>\nItem weight 1.89 Pounds<br \/>\nIs dishwasher safe No<\/p>","protected":false},"featured_media":1079,"comment_status":"open","ping_status":"closed","template":"","meta":{"_crdt_document":""},"product_brand":[],"product_cat":[122],"product_tag":[],"class_list":{"0":"post-1078","1":"product","2":"type-product","3":"status-publish","4":"has-post-thumbnail","6":"product_cat-kitchen","8":"first","9":"instock","10":"taxable","11":"shipping-taxable","12":"product-type-external"},"_links":{"self":[{"href":"https:\/\/recettesquebec.org\/fr\/wp-json\/wp\/v2\/product\/1078","targetHints":{"allow":["GET"]}}],"collection":[{"href":"https:\/\/recettesquebec.org\/fr\/wp-json\/wp\/v2\/product"}],"about":[{"href":"https:\/\/recettesquebec.org\/fr\/wp-json\/wp\/v2\/types\/product"}],"replies":[{"embeddable":true,"href":"https:\/\/recettesquebec.org\/fr\/wp-json\/wp\/v2\/comments?post=1078"}],"wp:featuredmedia":[{"embeddable":true,"href":"https:\/\/recettesquebec.org\/fr\/wp-json\/wp\/v2\/media\/1079"}],"wp:attachment":[{"href":"https:\/\/recettesquebec.org\/fr\/wp-json\/wp\/v2\/media?parent=1078"}],"wp:term":[{"taxonomy":"product_brand","embeddable":true,"href":"https:\/\/recettesquebec.org\/fr\/wp-json\/wp\/v2\/product_brand?post=1078"},{"taxonomy":"product_cat","embeddable":true,"href":"https:\/\/recettesquebec.org\/fr\/wp-json\/wp\/v2\/product_cat?post=1078"},{"taxonomy":"product_tag","embeddable":true,"href":"https:\/\/recettesquebec.org\/fr\/wp-json\/wp\/v2\/product_tag?post=1078"}],"curies":[{"name":"wp","href":"https:\/\/api.w.org\/{rel}","templated":true}]}}